{"id":39,"date":"2024-11-26T09:36:13","date_gmt":"2024-11-26T12:36:13","guid":{"rendered":"https:\/\/marketing.mixfiscal.com.br\/?page_id=39"},"modified":"2025-03-06T11:34:39","modified_gmt":"2025-03-06T14:34:39","slug":"blog","status":"publish","type":"page","link":"https:\/\/www.marketing.mixfiscal.com.br\/index.php\/blog\/","title":{"rendered":"Blog: Radar Fiscal"},"content":{"rendered":"\t\t<div data-elementor-type=\"wp-page\" data-elementor-id=\"39\" class=\"elementor elementor-39\" data-elementor-post-type=\"page\">\n\t\t\t\t<div class=\"elementor-element elementor-element-83b5e0f e-flex e-con-boxed e-con e-parent\" data-id=\"83b5e0f\" data-element_type=\"container\" data-e-type=\"container\">\n\t\t\t\t\t<div class=\"e-con-inner\">\n\t\t\t\t<div class=\"elementor-element elementor-element-6434ef4 elementor-widget elementor-widget-spacer\" data-id=\"6434ef4\" data-element_type=\"widget\" data-e-type=\"widget\" data-widget_type=\"spacer.default\">\n\t\t\t\t<div class=\"elementor-widget-container\">\n\t\t\t\t\t\t\t<div class=\"elementor-spacer\">\n\t\t\t<div class=\"elementor-spacer-inner\"><\/div>\n\t\t<\/div>\n\t\t\t\t\t\t<\/div>\n\t\t\t\t<\/div>\n\t\t\t\t<div class=\"elementor-element elementor-element-8085dad elementor-widget elementor-widget-heading\" data-id=\"8085dad\" data-element_type=\"widget\" data-e-type=\"widget\" data-widget_type=\"heading.default\">\n\t\t\t\t<div class=\"elementor-widget-container\">\n\t\t\t\t\t<h2 class=\"elementor-heading-title elementor-size-default\">BEM VINDO!<br>\nVoc\u00ea est\u00e1 no maior blog sobre tributa\u00e7\u00e3o para varejo do Brasil<\/h2>\t\t\t\t<\/div>\n\t\t\t\t<\/div>\n\t\t\t\t<div class=\"elementor-element elementor-element-74f9d24 elementor-widget elementor-widget-spacer\" data-id=\"74f9d24\" data-element_type=\"widget\" data-e-type=\"widget\" data-widget_type=\"spacer.default\">\n\t\t\t\t<div class=\"elementor-widget-container\">\n\t\t\t\t\t\t\t<div class=\"elementor-spacer\">\n\t\t\t<div class=\"elementor-spacer-inner\"><\/div>\n\t\t<\/div>\n\t\t\t\t\t\t<\/div>\n\t\t\t\t<\/div>\n\t\t\t\t\t<\/div>\n\t\t\t\t<\/div>\n\t\t<div class=\"elementor-element elementor-element-17d69a6 e-flex e-con-boxed e-con e-parent\" data-id=\"17d69a6\" data-element_type=\"container\" data-e-type=\"container\" data-settings=\"{&quot;animation&quot;:&quot;none&quot;}\">\n\t\t\t\t\t<div class=\"e-con-inner\">\n\t\t\t\t<div class=\"elementor-element elementor-element-a6306f0 elementor-widget elementor-widget-heading\" data-id=\"a6306f0\" data-element_type=\"widget\" data-e-type=\"widget\" data-widget_type=\"heading.default\">\n\t\t\t\t<div class=\"elementor-widget-container\">\n\t\t\t\t\t<h2 class=\"elementor-heading-title elementor-size-default\">Blogs e Artigos<\/h2>\t\t\t\t<\/div>\n\t\t\t\t<\/div>\n\t\t\t\t<div class=\"elementor-element elementor-element-81d3546 elementor-posts--align-left elementor-grid-3 elementor-grid-tablet-2 elementor-grid-mobile-1 elementor-posts--thumbnail-top elementor-card-shadow-yes elementor-posts__hover-gradient elementor-widget elementor-widget-posts\" data-id=\"81d3546\" data-element_type=\"widget\" data-e-type=\"widget\" data-settings=\"{&quot;cards_row_gap&quot;:{&quot;unit&quot;:&quot;px&quot;,&quot;size&quot;:20,&quot;sizes&quot;:[]},&quot;cards_columns&quot;:&quot;3&quot;,&quot;cards_columns_tablet&quot;:&quot;2&quot;,&quot;cards_columns_mobile&quot;:&quot;1&quot;,&quot;cards_row_gap_tablet&quot;:{&quot;unit&quot;:&quot;px&quot;,&quot;size&quot;:&quot;&quot;,&quot;sizes&quot;:[]},&quot;cards_row_gap_mobile&quot;:{&quot;unit&quot;:&quot;px&quot;,&quot;size&quot;:&quot;&quot;,&quot;sizes&quot;:[]}}\" data-widget_type=\"posts.cards\">\n\t\t\t\t<div class=\"elementor-widget-container\">\n\t\t\t\t\t\t\t<div class=\"elementor-posts-container elementor-posts elementor-posts--skin-cards elementor-grid\" role=\"list\">\n\t\t\t\t<article class=\"elementor-post elementor-grid-item post-1066 post type-post status-publish format-standard has-post-thumbnail hentry category-sem-categoria\" role=\"listitem\">\n\t\t\t<div class=\"elementor-post__card\">\n\t\t\t\t<a class=\"elementor-post__thumbnail__link\" href=\"https:\/\/www.marketing.mixfiscal.com.br\/index.php\/2025\/03\/10\/teste-1234\/\" tabindex=\"-1\" ><div class=\"elementor-post__thumbnail\"><img fetchpriority=\"high\" decoding=\"async\" width=\"294\" height=\"300\" src=\"https:\/\/www.marketing.mixfiscal.com.br\/wp-content\/uploads\/2025\/03\/Captura-de-Tela-2025-03-07-as-17.08.21-294x300.png\" class=\"attachment-medium size-medium wp-image-1067\" alt=\"\" srcset=\"https:\/\/www.marketing.mixfiscal.com.br\/wp-content\/uploads\/2025\/03\/Captura-de-Tela-2025-03-07-as-17.08.21-294x300.png 294w, https:\/\/www.marketing.mixfiscal.com.br\/wp-content\/uploads\/2025\/03\/Captura-de-Tela-2025-03-07-as-17.08.21.png 744w\" sizes=\"(max-width: 294px) 100vw, 294px\" \/><\/div><\/a>\n\t\t\t\t<div class=\"elementor-post__badge\">Sem categoria<\/div>\n\t\t\t\t<div class=\"elementor-post__text\">\n\t\t\t\t<h6 class=\"elementor-post__title\">\n\t\t\t<a href=\"https:\/\/www.marketing.mixfiscal.com.br\/index.php\/2025\/03\/10\/teste-1234\/\" >\n\t\t\t\tteste 1234\t\t\t<\/a>\n\t\t<\/h6>\n\t\t\t\t<div class=\"elementor-post__excerpt\">\n\t\t\t<p>teste testeasdjaosupkoqh<\/p>\n\t\t<\/div>\n\t\t\n\t\t<a class=\"elementor-post__read-more\" href=\"https:\/\/www.marketing.mixfiscal.com.br\/index.php\/2025\/03\/10\/teste-1234\/\" aria-label=\"Leia mais sobre teste 1234\" tabindex=\"-1\" >\n\t\t\tLeia mais \u00bb\t\t<\/a>\n\n\t\t\t\t<\/div>\n\t\t\t\t\t<\/div>\n\t\t<\/article>\n\t\t\t\t<article class=\"elementor-post elementor-grid-item post-730 post type-post status-publish format-standard has-post-thumbnail hentry category-podcast\" role=\"listitem\">\n\t\t\t<div class=\"elementor-post__card\">\n\t\t\t\t<a class=\"elementor-post__thumbnail__link\" href=\"https:\/\/www.marketing.mixfiscal.com.br\/index.php\/2024\/12\/10\/sv-ta-on-saiba-como-evitar-autuacoes-fiscais\/\" tabindex=\"-1\" ><div class=\"elementor-post__thumbnail\"><img decoding=\"async\" width=\"300\" height=\"300\" src=\"https:\/\/www.marketing.mixfiscal.com.br\/wp-content\/uploads\/2024\/12\/BLOG-300x300.png\" class=\"attachment-medium size-medium wp-image-731\" alt=\"\" srcset=\"https:\/\/www.marketing.mixfiscal.com.br\/wp-content\/uploads\/2024\/12\/BLOG-300x300.png 300w, https:\/\/www.marketing.mixfiscal.com.br\/wp-content\/uploads\/2024\/12\/BLOG-1024x1024.png 1024w, https:\/\/www.marketing.mixfiscal.com.br\/wp-content\/uploads\/2024\/12\/BLOG-150x150.png 150w, https:\/\/www.marketing.mixfiscal.com.br\/wp-content\/uploads\/2024\/12\/BLOG-768x768.png 768w, https:\/\/www.marketing.mixfiscal.com.br\/wp-content\/uploads\/2024\/12\/BLOG.png 1080w\" sizes=\"(max-width: 300px) 100vw, 300px\" \/><\/div><\/a>\n\t\t\t\t<div class=\"elementor-post__badge\">Podcast<\/div>\n\t\t\t\t<div class=\"elementor-post__text\">\n\t\t\t\t<h6 class=\"elementor-post__title\">\n\t\t\t<a href=\"https:\/\/www.marketing.mixfiscal.com.br\/index.php\/2024\/12\/10\/sv-ta-on-saiba-como-evitar-autuacoes-fiscais\/\" >\n\t\t\t\tSV T\u00c1 ON: Saiba Como Evitar Autua\u00e7\u00f5es Fiscais\t\t\t<\/a>\n\t\t<\/h6>\n\t\t\t\t<div class=\"elementor-post__excerpt\">\n\t\t\t<p>No epis\u00f3dio, Tonegutti explora os detalhes do caso do Grupo Mateus, oferecendo uma an\u00e1lise aprofundada sobre os pontos cr\u00edticos que podem levar a autua\u00e7\u00f5es e os erros comuns na gest\u00e3o fiscal e tribut\u00e1ria das empresas varejistas. Ele destaca como falhas na exclus\u00e3o correta de cr\u00e9ditos fiscais e a falta de controle sobre a base de c\u00e1lculo podem resultar em penalidades severas. Tecnologia e Intelig\u00eancia Artificial no Combate a Erros Fiscais Al\u00e9m dos pontos de aten\u00e7\u00e3o, Fabricio Tonegutti enfatiza a import\u00e2ncia de adotar tecnologias avan\u00e7adas e solu\u00e7\u00f5es de intelig\u00eancia artificial para prevenir erros fiscais. Com uma plataforma de monitoramento fiscal<\/p>\n\t\t<\/div>\n\t\t\n\t\t<a class=\"elementor-post__read-more\" href=\"https:\/\/www.marketing.mixfiscal.com.br\/index.php\/2024\/12\/10\/sv-ta-on-saiba-como-evitar-autuacoes-fiscais\/\" aria-label=\"Leia mais sobre SV T\u00c1 ON: Saiba Como Evitar Autua\u00e7\u00f5es Fiscais\" tabindex=\"-1\" >\n\t\t\tLeia mais \u00bb\t\t<\/a>\n\n\t\t\t\t<\/div>\n\t\t\t\t\t<\/div>\n\t\t<\/article>\n\t\t\t\t<article class=\"elementor-post elementor-grid-item post-727 post type-post status-publish format-standard has-post-thumbnail hentry category-classificacao\" role=\"listitem\">\n\t\t\t<div class=\"elementor-post__card\">\n\t\t\t\t<a class=\"elementor-post__thumbnail__link\" href=\"https:\/\/www.marketing.mixfiscal.com.br\/index.php\/2024\/12\/10\/classificacao-do-chocotone-e-panetone-2024\/\" tabindex=\"-1\" ><div class=\"elementor-post__thumbnail\"><img decoding=\"async\" width=\"240\" height=\"300\" src=\"https:\/\/www.marketing.mixfiscal.com.br\/wp-content\/uploads\/2024\/12\/Post-Chocotone-240x300.png\" class=\"attachment-medium size-medium wp-image-728\" alt=\"\" srcset=\"https:\/\/www.marketing.mixfiscal.com.br\/wp-content\/uploads\/2024\/12\/Post-Chocotone-240x300.png 240w, https:\/\/www.marketing.mixfiscal.com.br\/wp-content\/uploads\/2024\/12\/Post-Chocotone-819x1024.png 819w, https:\/\/www.marketing.mixfiscal.com.br\/wp-content\/uploads\/2024\/12\/Post-Chocotone-768x960.png 768w, https:\/\/www.marketing.mixfiscal.com.br\/wp-content\/uploads\/2024\/12\/Post-Chocotone.png 1080w\" sizes=\"(max-width: 240px) 100vw, 240px\" \/><\/div><\/a>\n\t\t\t\t<div class=\"elementor-post__badge\">Classifica\u00e7\u00e3o<\/div>\n\t\t\t\t<div class=\"elementor-post__text\">\n\t\t\t\t<h6 class=\"elementor-post__title\">\n\t\t\t<a href=\"https:\/\/www.marketing.mixfiscal.com.br\/index.php\/2024\/12\/10\/classificacao-do-chocotone-e-panetone-2024\/\" >\n\t\t\t\tClassifica\u00e7\u00e3o do Chocotone e Panetone 2024\t\t\t<\/a>\n\t\t<\/h6>\n\t\t\t\t<div class=\"elementor-post__excerpt\">\n\t\t\t<p>\ud83c\udf6b\ud83c\udf84&nbsp;Voc\u00ea sabia?&nbsp;O chocotone tem uma hist\u00f3ria doce e curiosa! Tudo come\u00e7ou com o tradicional panetone italiano, mas na d\u00e9cada de 80, algu\u00e9m resolveu ousar e substituir as frutas cristalizadas por gotas de chocolate. Assim nasceu o nosso querido&nbsp;chocotone! \ud83e\udd24\u2728 Hoje, ele \u00e9 o favorito de muitos no Natal! Quem tamb\u00e9m prefere chocotone ao panetone? \ud83d\ude4b\u200d\u2640\ufe0f\ud83d\ude4b\u200d\u2642\ufe0f Panetone e Chocotone \u2013&nbsp;Esses s\u00e3o outros produtos que s\u00e3o simplesmente a cara do Natal. E s\u00e3o classificados da seguinte forma: NCM:&nbsp;1905.20.10 CEST:&nbsp;17.052.00 PIS\/COFINS:&nbsp;tributado normalmente de PIS\/COFINS Lei n\u00ba 10.833 de 2003 e Lei n\u00ba 10.637 de 2002<\/p>\n\t\t<\/div>\n\t\t\n\t\t<a class=\"elementor-post__read-more\" href=\"https:\/\/www.marketing.mixfiscal.com.br\/index.php\/2024\/12\/10\/classificacao-do-chocotone-e-panetone-2024\/\" aria-label=\"Leia mais sobre Classifica\u00e7\u00e3o do Chocotone e Panetone 2024\" tabindex=\"-1\" >\n\t\t\tLeia mais \u00bb\t\t<\/a>\n\n\t\t\t\t<\/div>\n\t\t\t\t\t<\/div>\n\t\t<\/article>\n\t\t\t\t<article class=\"elementor-post elementor-grid-item post-724 post type-post status-publish format-standard has-post-thumbnail hentry category-classificacao\" role=\"listitem\">\n\t\t\t<div class=\"elementor-post__card\">\n\t\t\t\t<a class=\"elementor-post__thumbnail__link\" href=\"https:\/\/www.marketing.mixfiscal.com.br\/index.php\/2024\/12\/10\/o-famoso-frango-de-natal-e-o-peru-possuem-classificacoes-diferentes-dos-frangos-frescos\/\" tabindex=\"-1\" ><div class=\"elementor-post__thumbnail\"><img loading=\"lazy\" decoding=\"async\" width=\"300\" height=\"300\" src=\"https:\/\/www.marketing.mixfiscal.com.br\/wp-content\/uploads\/2024\/12\/BLOG-CEIA-300x300.png\" class=\"attachment-medium size-medium wp-image-725\" alt=\"\" srcset=\"https:\/\/www.marketing.mixfiscal.com.br\/wp-content\/uploads\/2024\/12\/BLOG-CEIA-300x300.png 300w, https:\/\/www.marketing.mixfiscal.com.br\/wp-content\/uploads\/2024\/12\/BLOG-CEIA-1024x1024.png 1024w, https:\/\/www.marketing.mixfiscal.com.br\/wp-content\/uploads\/2024\/12\/BLOG-CEIA-150x150.png 150w, https:\/\/www.marketing.mixfiscal.com.br\/wp-content\/uploads\/2024\/12\/BLOG-CEIA-768x768.png 768w, https:\/\/www.marketing.mixfiscal.com.br\/wp-content\/uploads\/2024\/12\/BLOG-CEIA.png 1080w\" sizes=\"(max-width: 300px) 100vw, 300px\" \/><\/div><\/a>\n\t\t\t\t<div class=\"elementor-post__badge\">Classifica\u00e7\u00e3o<\/div>\n\t\t\t\t<div class=\"elementor-post__text\">\n\t\t\t\t<h6 class=\"elementor-post__title\">\n\t\t\t<a href=\"https:\/\/www.marketing.mixfiscal.com.br\/index.php\/2024\/12\/10\/o-famoso-frango-de-natal-e-o-peru-possuem-classificacoes-diferentes-dos-frangos-frescos\/\" >\n\t\t\t\tO famoso frango de natal e o peru possuem classifica\u00e7\u00f5es diferentes dos frangos frescos\t\t\t<\/a>\n\t\t<\/h6>\n\t\t\t\t<div class=\"elementor-post__excerpt\">\n\t\t\t<p>NCM Correto para Frangos e Perus Temperados: De acordo com a&nbsp;TIPI\/NESH, frangos e perus temperados n\u00e3o podem ser classificados como carnes frescas, refrigeradas ou congeladas (posi\u00e7\u00e3o 0207). Por conterem temperos, eles se enquadram na&nbsp;posi\u00e7\u00e3o 1602, conforme o Cap\u00edtulo 02 da NESH. Tributa\u00e7\u00e3o Aplicada: Dica Importante:Organize o sistema de cadastro de produtos da sua empresa e revise as classifica\u00e7\u00f5es fiscais para garantir que frangos e perus temperados estejam enquadrados corretamente. Al\u00e9m de evitar problemas com o fisco, isso contribui para uma opera\u00e7\u00e3o mais eficiente. Ficou com d\u00favidas sobre a tributa\u00e7\u00e3o do ICMS em seu estado?Entre em contato com a Mix<\/p>\n\t\t<\/div>\n\t\t\n\t\t<a class=\"elementor-post__read-more\" href=\"https:\/\/www.marketing.mixfiscal.com.br\/index.php\/2024\/12\/10\/o-famoso-frango-de-natal-e-o-peru-possuem-classificacoes-diferentes-dos-frangos-frescos\/\" aria-label=\"Leia mais sobre O famoso frango de natal e o peru possuem classifica\u00e7\u00f5es diferentes dos frangos frescos\" tabindex=\"-1\" >\n\t\t\tLeia mais \u00bb\t\t<\/a>\n\n\t\t\t\t<\/div>\n\t\t\t\t\t<\/div>\n\t\t<\/article>\n\t\t\t\t<\/div>\n\t\t\n\t\t\t\t\t\t<\/div>\n\t\t\t\t<\/div>\n\t\t\t\t\t<\/div>\n\t\t\t\t<\/div>\n\t\t\t\t<\/div>\n\t\t","protected":false},"excerpt":{"rendered":"<p>BEM VINDO! Voc\u00ea est\u00e1 no maior blog sobre tributa\u00e7\u00e3o para varejo do Brasil Blogs e Artigos<\/p>\n","protected":false},"author":1,"featured_media":0,"parent":0,"menu_order":0,"comment_status":"closed","ping_status":"closed","template":"elementor_header_footer","meta":{"footnotes":""},"class_list":["post-39","page","type-page","status-publish","hentry"],"_links":{"self":[{"href":"https:\/\/www.marketing.mixfiscal.com.br\/index.php\/wp-json\/wp\/v2\/pages\/39","targetHints":{"allow":["GET"]}}],"collection":[{"href":"https:\/\/www.marketing.mixfiscal.com.br\/index.php\/wp-json\/wp\/v2\/pages"}],"about":[{"href":"https:\/\/www.marketing.mixfiscal.com.br\/index.php\/wp-json\/wp\/v2\/types\/page"}],"author":[{"embeddable":true,"href":"https:\/\/www.marketing.mixfiscal.com.br\/index.php\/wp-json\/wp\/v2\/users\/1"}],"replies":[{"embeddable":true,"href":"https:\/\/www.marketing.mixfiscal.com.br\/index.php\/wp-json\/wp\/v2\/comments?post=39"}],"version-history":[{"count":11,"href":"https:\/\/www.marketing.mixfiscal.com.br\/index.php\/wp-json\/wp\/v2\/pages\/39\/revisions"}],"predecessor-version":[{"id":977,"href":"https:\/\/www.marketing.mixfiscal.com.br\/index.php\/wp-json\/wp\/v2\/pages\/39\/revisions\/977"}],"wp:attachment":[{"href":"https:\/\/www.marketing.mixfiscal.com.br\/index.php\/wp-json\/wp\/v2\/media?parent=39"}],"curies":[{"name":"wp","href":"https:\/\/api.w.org\/{rel}","templated":true}]}}